{"id":65,"date":"2017-06-06T14:33:47","date_gmt":"2017-06-06T14:33:47","guid":{"rendered":"http:\/\/schifffahrtsseminare.de\/?page_id=65"},"modified":"2025-02-05T11:19:07","modified_gmt":"2025-02-05T09:19:07","slug":"sbf-see","status":"publish","type":"page","link":"https:\/\/schifffahrtsseminare.de\/?page_id=65","title":{"rendered":"SBF See"},"content":{"rendered":"<h2>Sportbootf\u00fchrerschein-See (SBF-See)<\/h2>\n<p>Der F\u00fchrerschein ist die Amtliche Fahrerlaubnis zum F\u00fchren von motorisierten Sportbooten auf den deutschen Seeschifffahrtsstra\u00dfen.<\/p>\n<p>Im Seebereich d\u00fcrfen altersunabh\u00e4ngig Sportboote bis zu einer maximalen Nutzleistung von 3,68 Kilowatt (5 PS) ohne Sportbootf\u00fchrerschein gef\u00fchrt werden, so lange keine gewerbliche Nutzung vorliegt. Bei einer Nutzleistung von 3,69 bis 11,03 kW muss der Schiffsf\u00fchrer im Seebereich mindestens 16 Jahre alt sein, um ein Sportboot zu privaten Zwecken f\u00fchrerscheinfrei f\u00fchren zu k\u00f6nnen. Eine L\u00e4ngenbegrenzung f\u00fcr Sportboote gibt es nicht (Quelle: www.bmvbs.de).<\/p>\n<p><img loading=\"lazy\" class=\"alignleft wp-image-138\" src=\"http:\/\/schifffahrtsseminare.de\/wp-content\/uploads\/2017\/06\/sks_3-300x200.jpg\" alt=\"\" width=\"450\" height=\"300\" srcset=\"https:\/\/schifffahrtsseminare.de\/wp-content\/uploads\/2017\/06\/sks_3-300x200.jpg 300w, https:\/\/schifffahrtsseminare.de\/wp-content\/uploads\/2017\/06\/sks_3-540x360.jpg 540w, https:\/\/schifffahrtsseminare.de\/wp-content\/uploads\/2017\/06\/sks_3.jpg 700w\" sizes=\"(max-width: 450px) 100vw, 450px\" \/><\/p>\n<p><img loading=\"lazy\" class=\"wp-image-133 size-medium\" src=\"http:\/\/schifffahrtsseminare.de\/wp-content\/uploads\/2017\/06\/see3-200x300.jpg\" alt=\"\" width=\"200\" height=\"300\" srcset=\"https:\/\/schifffahrtsseminare.de\/wp-content\/uploads\/2017\/06\/see3-200x300.jpg 200w, https:\/\/schifffahrtsseminare.de\/wp-content\/uploads\/2017\/06\/see3-390x585.jpg 390w, https:\/\/schifffahrtsseminare.de\/wp-content\/uploads\/2017\/06\/see3.jpg 600w\" sizes=\"(max-width: 200px) 100vw, 200px\" \/><\/p>\n<p>&nbsp;<\/p>\n<h4><strong>Die praktische Pr\u00fcfung:<\/strong><\/h4>\n<p>In der praktischen Pr\u00fcfung sind folgende Aufgaben zu l\u00f6sen:<\/p>\n<ul>\n<li><em>Mensch \u00fcber Bord<\/em>-Man\u00f6ver<\/li>\n<li>Ablegen, Wenden auf engem Raum, kursgerechtes Aufstoppen, Anlegen<\/li>\n<li>Fahren nach Kompass, Steuern nach Schifffahrtszeichen und Landmarken<\/li>\n<li>Peilen mithilfe einer einfachen Peilung oder Kreuzpeilung<\/li>\n<li>Anlegen einer Rettungsweste und Sicherheitsgurt<\/li>\n<li>Knoten<\/li>\n<li>Man\u00f6verschallsignale<\/li>\n<\/ul>\n<p>Ein ehemaliges Berufsschiff der Polizei dient zur Ausbildung f\u00fcr SBF See und SBF Binnen, mit professioneller Ausstattung und Betreuung. Auf diesem Boot bringt die Pr\u00fcfung bei gutem und besonders bei schlechtem Wetter Spa\u00df. Eine entspannte Atmosph\u00e4re und gute Laune sind schlie\u00dflich das wichtigste f\u00fcr eine erfolgreiche Pr\u00fcfung!<\/p>\n<h4><strong>Die theoretische Pr\u00fcfung:<\/strong><\/h4>\n<p>In der theoretischen Pr\u00fcfung m\u00fcssen Fragen zu folgenden Themen beantwortet werden:<\/p>\n<ul>\n<li>Schifffahrtsstra\u00dfenordnung und Kollisionsverh\u00fctungsregeln<\/li>\n<li>Nautische Grundkenntnisse<\/li>\n<li>Seemannschaft<\/li>\n<li>Wetterkunde<\/li>\n<\/ul>\n<p>Der theoretische Fragenkatalog besteht aus 300 Fragen und 15 Navigationsaufgaben mit Ausschnitten aus der Seekarte D 49 (M\u00fcndungen der Jade, Weser und Elbe). Es gibt 15 Frageb\u00f6gen mit jeweils 30 Fragen, wovon in der Pr\u00fcfung ein Bogen im Multiple Choice Verfahren zu beantworten ist.<\/p>\n<p>Auf die theoretische, wie auch auf die praktische Pr\u00fcfung, findet eine intensive Vorbereitung statt!<\/p>\n<p><em>Sollte der Sportbootf\u00fchrerschein-Binnen schon vorhanden sein, gibt es eine erleichterte Pr\u00fcfung. Bei weiteren Fragen wenden Sie sich bitte per <\/em><a href=\"http:\/\/schifffahrtsseminare.de\/#contact\" target=\"_self\" rel=\"noopener\"><em>E-Mail<\/em><\/a><em> an uns!<\/em><\/p>\n","protected":false},"excerpt":{"rendered":"<p>Sportbootf\u00fchrerschein-See (SBF-See) Der F\u00fchrerschein ist die Amtliche Fahrerlaubnis zum F\u00fchren von motorisierten Sportbooten auf den deutschen Seeschifffahrtsstra\u00dfen. Im Seebereich d\u00fcrfen altersunabh\u00e4ngig Sportboote bis zu einer maximalen Nutzleistung von 3,68 Kilowatt (5 PS) ohne Sportbootf\u00fchrerschein gef\u00fchrt werden, so lange keine gewerbliche Nutzung vorliegt. Bei einer Nutzleistung von 3,69 bis 11,03 kW [&hellip;]<\/p>\n","protected":false},"author":1,"featured_media":0,"parent":0,"menu_order":0,"comment_status":"closed","ping_status":"closed","template":"","meta":[],"_links":{"self":[{"href":"https:\/\/schifffahrtsseminare.de\/index.php?rest_route=\/wp\/v2\/pages\/65"}],"collection":[{"href":"https:\/\/schifffahrtsseminare.de\/index.php?rest_route=\/wp\/v2\/pages"}],"about":[{"href":"https:\/\/schifffahrtsseminare.de\/index.php?rest_route=\/wp\/v2\/types\/page"}],"author":[{"embeddable":true,"href":"https:\/\/schifffahrtsseminare.de\/index.php?rest_route=\/wp\/v2\/users\/1"}],"replies":[{"embeddable":true,"href":"https:\/\/schifffahrtsseminare.de\/index.php?rest_route=%2Fwp%2Fv2%2Fcomments&post=65"}],"version-history":[{"count":8,"href":"https:\/\/schifffahrtsseminare.de\/index.php?rest_route=\/wp\/v2\/pages\/65\/revisions"}],"predecessor-version":[{"id":405,"href":"https:\/\/schifffahrtsseminare.de\/index.php?rest_route=\/wp\/v2\/pages\/65\/revisions\/405"}],"wp:attachment":[{"href":"https:\/\/schifffahrtsseminare.de\/index.php?rest_route=%2Fwp%2Fv2%2Fmedia&parent=65"}],"curies":[{"name":"wp","href":"https:\/\/api.w.org\/{rel}","templated":true}]}}