{"id":72,"date":"2017-06-06T14:33:47","date_gmt":"2017-06-06T14:33:47","guid":{"rendered":"http:\/\/schifffahrtsseminare.de\/?page_id=72"},"modified":"2025-02-05T11:12:25","modified_gmt":"2025-02-05T09:12:25","slug":"ubi","status":"publish","type":"page","link":"https:\/\/schifffahrtsseminare.de\/?page_id=72","title":{"rendered":"UBI"},"content":{"rendered":"<h2>UKW-Sprechfunkzeugnis f\u00fcr den Binnenschifffahrtsfunk (UBI)<\/h2>\n<p>Das UBI ist das amtliche Zeugnis zum Bedienen und Beaufsichtigen einer Schiffsfunkstelle auf Binnenschifffahrtsstra\u00dfen (z.B. Elbe bis Kugelbake\/Cuxhaven). Ein Muss f\u00fcr alle, die h\u00e4ufiger auf dem Wasser unterwegs sind, da auf den wichtigen Binnengew\u00e4ssern zum Beispiel Funkpflicht bei Hochwasser, bei unsichtigem Wetter und bei Nacht besteht. Ohne Funkzeugnis w\u00e4re, unter diesen Umst\u00e4nden, das Fahren verboten.<\/p>\n<p>Zulassung zur Pr\u00fcfung ab 15 Jahren.<\/p>\n<p><img loading=\"lazy\" src=\"http:\/\/schifffahrtsseminare.de\/wp-content\/uploads\/2017\/06\/ubi.jpg\" alt=\"\" width=\"700\" height=\"500\" \/><\/p>\n<p><strong>Die praktische Pr\u00fcfung:<\/strong><\/p>\n<p>In der praktischen Pr\u00fcfung sind folgende Aufgaben zu l\u00f6sen:<\/p>\n<ul>\n<li>Fehlerfreie Abgabe von Not-, Dringlichkeits- oder Sicherheitsmeldungen<\/li>\n<li>Fehlerfreie Aufnahme von Not-, Dringlichkeits- oder Sicherheitsmeldungen<\/li>\n<li>Fachgerechte Bedienung einer Schiffsfunkstelle<\/li>\n<\/ul>\n<p>Zus\u00e4tzlich sind praktische Kenntnisse \u00fcber den \u00f6ffentlichen Funkverkehr im Binnenschifffahrtsfunk gefordert.<\/p>\n<h4><strong>Die theoretische Pr\u00fcfung:<\/strong><\/h4>\n<p>In der theoretischen Pr\u00fcfung m\u00fcssen Fragen zu folgenden Themen schriftlich beantwortet werden:<\/p>\n<ul>\n<li>Begriffsbestimmungen<\/li>\n<li>Grundkenntnisse<\/li>\n<li>Not, Dinglichkeit und Sicherheit<\/li>\n<li>Technik<\/li>\n<\/ul>\n<p>Es gibt 12 Frageb\u00f6gen mit jeweils 22 Fragen, wovon in der Pr\u00fcfung ein Bogen zu beantworten ist. Die Pr\u00fcfung ist im <strong>Multiple-Choice-Verfahren<\/strong> abzulegen! Auf die theoretische, wie auch auf die praktische Pr\u00fcfung, findet eine intensive Vorbereitung statt!<\/p>\n<p><em>Bei Besitz des <a href=\"http:\/\/schifffahrtsseminare.de\/?page_id=70\">SRCs<\/a>, findet eine vereinfachte Pr\u00fcfung statt!<\/em><\/p>\n<p><em><strong>Wichtiger Hinweis:<\/strong> Das UBI berechtigt nicht zur Teilnahme am weltweiten Seenot- und Sicherheitsfunksystem GMDSS! Wenn Ihr UKW-Sprechfunkzeugniss vor dem 01.01.2003 ausgestellt worden ist, gilt dieses unbeschr\u00e4nkt weiter. F\u00fcr mehr Informationen <a href=\"http:\/\/schifffahrtsseminare.de\/#contact\">kontaktieren<\/a> Sie uns bitte!<\/em><\/p>\n","protected":false},"excerpt":{"rendered":"<p>UKW-Sprechfunkzeugnis f\u00fcr den Binnenschifffahrtsfunk (UBI) Das UBI ist das amtliche Zeugnis zum Bedienen und Beaufsichtigen einer Schiffsfunkstelle auf Binnenschifffahrtsstra\u00dfen (z.B. Elbe bis Kugelbake\/Cuxhaven). Ein Muss f\u00fcr alle, die h\u00e4ufiger auf dem Wasser unterwegs sind, da auf den wichtigen Binnengew\u00e4ssern zum Beispiel Funkpflicht bei Hochwasser, bei unsichtigem Wetter und bei Nacht [&hellip;]<\/p>\n","protected":false},"author":1,"featured_media":0,"parent":0,"menu_order":0,"comment_status":"closed","ping_status":"closed","template":"","meta":[],"_links":{"self":[{"href":"https:\/\/schifffahrtsseminare.de\/index.php?rest_route=\/wp\/v2\/pages\/72"}],"collection":[{"href":"https:\/\/schifffahrtsseminare.de\/index.php?rest_route=\/wp\/v2\/pages"}],"about":[{"href":"https:\/\/schifffahrtsseminare.de\/index.php?rest_route=\/wp\/v2\/types\/page"}],"author":[{"embeddable":true,"href":"https:\/\/schifffahrtsseminare.de\/index.php?rest_route=\/wp\/v2\/users\/1"}],"replies":[{"embeddable":true,"href":"https:\/\/schifffahrtsseminare.de\/index.php?rest_route=%2Fwp%2Fv2%2Fcomments&post=72"}],"version-history":[{"count":16,"href":"https:\/\/schifffahrtsseminare.de\/index.php?rest_route=\/wp\/v2\/pages\/72\/revisions"}],"predecessor-version":[{"id":394,"href":"https:\/\/schifffahrtsseminare.de\/index.php?rest_route=\/wp\/v2\/pages\/72\/revisions\/394"}],"wp:attachment":[{"href":"https:\/\/schifffahrtsseminare.de\/index.php?rest_route=%2Fwp%2Fv2%2Fmedia&parent=72"}],"curies":[{"name":"wp","href":"https:\/\/api.w.org\/{rel}","templated":true}]}}